{"id":15369,"date":"2020-03-05T14:09:24","date_gmt":"2020-03-05T07:09:24","guid":{"rendered":"https:\/\/www.eklekti-agency.com\/event-management-clients\/"},"modified":"2025-06-13T18:18:53","modified_gmt":"2025-06-13T11:18:53","slug":"eventmanagement-kunden","status":"publish","type":"page","link":"https:\/\/www.eklekti-agency.com\/de\/eventmanagement-kunden\/","title":{"rendered":"Kunden"},"content":{"rendered":"<p><span style=\"font-weight: 400;\">Einige der bekanntesten Namen aus den Bereichen Mode, Technologie und internationalem Gesch\u00e4ft entscheiden sich f\u00fcr Eklekti, weil wir nachweislich eine Erfolgsbilanz bei der sorgf\u00e4ltigen Planung einzigartiger Veranstaltungen bis ins kleinste Detail haben.<\/span><\/p>\n","protected":false},"excerpt":{"rendered":"<p>Einige der bekanntesten Namen aus den Bereichen Mode, Technologie und internationalem Gesch\u00e4ft entscheiden sich f\u00fcr Eklekti, weil wir nachweislich eine Erfolgsbilanz bei der sorgf\u00e4ltigen Planung einzigartiger Veranstaltungen bis ins kleinste Detail haben.<\/p>\n","protected":false},"author":6,"featured_media":0,"parent":0,"menu_order":0,"comment_status":"closed","ping_status":"closed","template":"tpl\/tpl-clients.php","meta":{"_acf_changed":false,"inline_featured_image":false,"footnotes":""},"class_list":["post-15369","page","type-page","status-publish","hentry"],"acf":[],"yoast_head":"<!-- This site is optimized with the Yoast SEO plugin v23.4 - https:\/\/yoast.com\/wordpress\/plugins\/seo\/ -->\n<title>Unsere Kunden | Eklekti \u2013 Partner von Weltmarken.<\/title>\n<meta name=\"description\" content=\"Eklekti ist stolz darauf, f\u00fchrende internationale und innovative Marken in Thailand zu betreuen. Entdecken Sie, warum Unternehmen uns bei der Planung und dem Management ihrer Veranstaltungen vertrauen.\" \/>\n<meta name=\"robots\" content=\"index, follow, max-snippet:-1, max-image-preview:large, max-video-preview:-1\" \/>\n<link rel=\"canonical\" href=\"https:\/\/www.eklekti-agency.com\/de\/eventmanagement-kunden\/\" \/>\n<meta property=\"og:locale\" content=\"de_DE\" \/>\n<meta property=\"og:type\" content=\"article\" \/>\n<meta property=\"og:title\" content=\"Unsere Kunden | Eklekti \u2013 Partner von Weltmarken.\" \/>\n<meta property=\"og:description\" content=\"Eklekti ist stolz darauf, f\u00fchrende internationale und innovative Marken in Thailand zu betreuen. Entdecken Sie, warum Unternehmen uns bei der Planung und dem Management ihrer Veranstaltungen vertrauen.\" \/>\n<meta property=\"og:url\" content=\"https:\/\/www.eklekti-agency.com\/de\/eventmanagement-kunden\/\" \/>\n<meta property=\"og:site_name\" content=\"Eklekti\" \/>\n<meta property=\"article:modified_time\" content=\"2025-06-13T11:18:53+00:00\" \/>\n<meta name=\"twitter:card\" content=\"summary_large_image\" \/>\n<meta name=\"twitter:label1\" content=\"Gesch\u00e4tzte Lesezeit\" \/>\n\t<meta name=\"twitter:data1\" content=\"1\u00a0Minute\" \/>\n<script type=\"application\/ld+json\" class=\"yoast-schema-graph\">{\"@context\":\"https:\/\/schema.org\",\"@graph\":[{\"@type\":\"WebPage\",\"@id\":\"https:\/\/www.eklekti-agency.com\/de\/eventmanagement-kunden\/\",\"url\":\"https:\/\/www.eklekti-agency.com\/de\/eventmanagement-kunden\/\",\"name\":\"Unsere Kunden | Eklekti \u2013 Partner von Weltmarken.\",\"isPartOf\":{\"@id\":\"https:\/\/www.eklekti-agency.com\/#website\"},\"datePublished\":\"2020-03-05T07:09:24+00:00\",\"dateModified\":\"2025-06-13T11:18:53+00:00\",\"description\":\"Eklekti ist stolz darauf, f\u00fchrende internationale und innovative Marken in Thailand zu betreuen. Entdecken Sie, warum Unternehmen uns bei der Planung und dem Management ihrer Veranstaltungen vertrauen.\",\"breadcrumb\":{\"@id\":\"https:\/\/www.eklekti-agency.com\/de\/eventmanagement-kunden\/#breadcrumb\"},\"inLanguage\":\"de\",\"potentialAction\":[{\"@type\":\"ReadAction\",\"target\":[\"https:\/\/www.eklekti-agency.com\/de\/eventmanagement-kunden\/\"]}]},{\"@type\":\"BreadcrumbList\",\"@id\":\"https:\/\/www.eklekti-agency.com\/de\/eventmanagement-kunden\/#breadcrumb\",\"itemListElement\":[{\"@type\":\"ListItem\",\"position\":1,\"name\":\"Home\",\"item\":\"https:\/\/www.eklekti-agency.com\/de\/\"},{\"@type\":\"ListItem\",\"position\":2,\"name\":\"Kunden\"}]},{\"@type\":\"WebSite\",\"@id\":\"https:\/\/www.eklekti-agency.com\/#website\",\"url\":\"https:\/\/www.eklekti-agency.com\/\",\"name\":\"Eklekti\",\"description\":\"Strategic Full Service Event Agency\",\"publisher\":{\"@id\":\"https:\/\/www.eklekti-agency.com\/#organization\"},\"potentialAction\":[{\"@type\":\"SearchAction\",\"target\":{\"@type\":\"EntryPoint\",\"urlTemplate\":\"https:\/\/www.eklekti-agency.com\/?s={search_term_string}\"},\"query-input\":{\"@type\":\"PropertyValueSpecification\",\"valueRequired\":true,\"valueName\":\"search_term_string\"}}],\"inLanguage\":\"de\"},{\"@type\":\"Organization\",\"@id\":\"https:\/\/www.eklekti-agency.com\/#organization\",\"name\":\"Eklekti\",\"url\":\"https:\/\/www.eklekti-agency.com\/\",\"logo\":{\"@type\":\"ImageObject\",\"inLanguage\":\"de\",\"@id\":\"https:\/\/www.eklekti-agency.com\/#\/schema\/logo\/image\/\",\"url\":\"https:\/\/www.eklekti-agency.com\/wp-content\/uploads\/2019\/11\/Logo_Eklekti.svg\",\"contentUrl\":\"https:\/\/www.eklekti-agency.com\/wp-content\/uploads\/2019\/11\/Logo_Eklekti.svg\",\"caption\":\"Eklekti\"},\"image\":{\"@id\":\"https:\/\/www.eklekti-agency.com\/#\/schema\/logo\/image\/\"}}]}<\/script>\n<!-- \/ Yoast SEO plugin. -->","yoast_head_json":{"title":"Unsere Kunden | Eklekti \u2013 Partner von Weltmarken.","description":"Eklekti ist stolz darauf, f\u00fchrende internationale und innovative Marken in Thailand zu betreuen. Entdecken Sie, warum Unternehmen uns bei der Planung und dem Management ihrer Veranstaltungen vertrauen.","robots":{"index":"index","follow":"follow","max-snippet":"max-snippet:-1","max-image-preview":"max-image-preview:large","max-video-preview":"max-video-preview:-1"},"canonical":"https:\/\/www.eklekti-agency.com\/de\/eventmanagement-kunden\/","og_locale":"de_DE","og_type":"article","og_title":"Unsere Kunden | Eklekti \u2013 Partner von Weltmarken.","og_description":"Eklekti ist stolz darauf, f\u00fchrende internationale und innovative Marken in Thailand zu betreuen. Entdecken Sie, warum Unternehmen uns bei der Planung und dem Management ihrer Veranstaltungen vertrauen.","og_url":"https:\/\/www.eklekti-agency.com\/de\/eventmanagement-kunden\/","og_site_name":"Eklekti","article_modified_time":"2025-06-13T11:18:53+00:00","twitter_card":"summary_large_image","twitter_misc":{"Gesch\u00e4tzte Lesezeit":"1\u00a0Minute"},"schema":{"@context":"https:\/\/schema.org","@graph":[{"@type":"WebPage","@id":"https:\/\/www.eklekti-agency.com\/de\/eventmanagement-kunden\/","url":"https:\/\/www.eklekti-agency.com\/de\/eventmanagement-kunden\/","name":"Unsere Kunden | Eklekti \u2013 Partner von Weltmarken.","isPartOf":{"@id":"https:\/\/www.eklekti-agency.com\/#website"},"datePublished":"2020-03-05T07:09:24+00:00","dateModified":"2025-06-13T11:18:53+00:00","description":"Eklekti ist stolz darauf, f\u00fchrende internationale und innovative Marken in Thailand zu betreuen. Entdecken Sie, warum Unternehmen uns bei der Planung und dem Management ihrer Veranstaltungen vertrauen.","breadcrumb":{"@id":"https:\/\/www.eklekti-agency.com\/de\/eventmanagement-kunden\/#breadcrumb"},"inLanguage":"de","potentialAction":[{"@type":"ReadAction","target":["https:\/\/www.eklekti-agency.com\/de\/eventmanagement-kunden\/"]}]},{"@type":"BreadcrumbList","@id":"https:\/\/www.eklekti-agency.com\/de\/eventmanagement-kunden\/#breadcrumb","itemListElement":[{"@type":"ListItem","position":1,"name":"Home","item":"https:\/\/www.eklekti-agency.com\/de\/"},{"@type":"ListItem","position":2,"name":"Kunden"}]},{"@type":"WebSite","@id":"https:\/\/www.eklekti-agency.com\/#website","url":"https:\/\/www.eklekti-agency.com\/","name":"Eklekti","description":"Strategic Full Service Event Agency","publisher":{"@id":"https:\/\/www.eklekti-agency.com\/#organization"},"potentialAction":[{"@type":"SearchAction","target":{"@type":"EntryPoint","urlTemplate":"https:\/\/www.eklekti-agency.com\/?s={search_term_string}"},"query-input":{"@type":"PropertyValueSpecification","valueRequired":true,"valueName":"search_term_string"}}],"inLanguage":"de"},{"@type":"Organization","@id":"https:\/\/www.eklekti-agency.com\/#organization","name":"Eklekti","url":"https:\/\/www.eklekti-agency.com\/","logo":{"@type":"ImageObject","inLanguage":"de","@id":"https:\/\/www.eklekti-agency.com\/#\/schema\/logo\/image\/","url":"https:\/\/www.eklekti-agency.com\/wp-content\/uploads\/2019\/11\/Logo_Eklekti.svg","contentUrl":"https:\/\/www.eklekti-agency.com\/wp-content\/uploads\/2019\/11\/Logo_Eklekti.svg","caption":"Eklekti"},"image":{"@id":"https:\/\/www.eklekti-agency.com\/#\/schema\/logo\/image\/"}}]}},"_links":{"self":[{"href":"https:\/\/www.eklekti-agency.com\/de\/wp-json\/wp\/v2\/pages\/15369","targetHints":{"allow":["GET"]}}],"collection":[{"href":"https:\/\/www.eklekti-agency.com\/de\/wp-json\/wp\/v2\/pages"}],"about":[{"href":"https:\/\/www.eklekti-agency.com\/de\/wp-json\/wp\/v2\/types\/page"}],"author":[{"embeddable":true,"href":"https:\/\/www.eklekti-agency.com\/de\/wp-json\/wp\/v2\/users\/6"}],"replies":[{"embeddable":true,"href":"https:\/\/www.eklekti-agency.com\/de\/wp-json\/wp\/v2\/comments?post=15369"}],"version-history":[{"count":2,"href":"https:\/\/www.eklekti-agency.com\/de\/wp-json\/wp\/v2\/pages\/15369\/revisions"}],"predecessor-version":[{"id":15371,"href":"https:\/\/www.eklekti-agency.com\/de\/wp-json\/wp\/v2\/pages\/15369\/revisions\/15371"}],"wp:attachment":[{"href":"https:\/\/www.eklekti-agency.com\/de\/wp-json\/wp\/v2\/media?parent=15369"}],"curies":[{"name":"wp","href":"https:\/\/api.w.org\/{rel}","templated":true}]}}