{"id":15318,"date":"2020-03-05T14:11:24","date_gmt":"2020-03-05T07:11:24","guid":{"rendered":"https:\/\/www.eklekti-agency.com\/events-portfolio-thailand\/"},"modified":"2025-06-13T14:03:47","modified_gmt":"2025-06-13T07:03:47","slug":"veranstaltungs-portfolio-thailand","status":"publish","type":"page","link":"https:\/\/www.eklekti-agency.com\/de\/veranstaltungs-portfolio-thailand\/","title":{"rendered":"Unsere Arbeiten"},"content":{"rendered":"<p>Thailand, bekannt als das <strong>\u201eLand des L\u00e4chelns\u201c<\/strong>, bietet eine unwiderstehliche Mischung aus moderner Infrastruktur und kulturellem Reichtum f\u00fcr die Ausrichtung von Veranstaltungen oder Incentive-Reisen. <span style=\"font-weight: 400;\">Hier erfahren Sie, warum es sich von anderen L\u00e4ndern abhebt:<\/span><\/p>\n<p><b>Veranstaltungsorte von Weltklasse: <\/b><span style=\"font-weight: 400;\">Von weitl\u00e4ufigen Kongresszentren bis hin zu eleganten Balls\u00e4len bietet Thailand einige der besten und anspruchsvollsten Veranstaltungsorte S\u00fcdostasiens. Ob im gesch\u00e4ftigen Bangkok, im Strandparadies Phuket, im \u00fcppigen Chiang Mai oder in anderen wichtigen St\u00e4dten, Sie finden erstklassige Einrichtungen.<\/span><\/p>\n<p><b>Effizienter Transport: <\/b><span style=\"font-weight: 400;\">Die hervorragende Anbindung \u00fcber die internationalen Flugh\u00e4fen in Bangkok als auch Phuket macht das Reisen f\u00fcr internationale Teilnehmer reibungslos. Dar\u00fcber hinaus sorgen die Transportnetze des Landes f\u00fcr eine reibungslose und zuverl\u00e4ssige Logistik.<\/span><\/p>\n<p><b>Vielf\u00e4ltige Unterk\u00fcnfte:<\/b><span style=\"font-weight: 400;\"> Thailand bietet f\u00fcr jedes Budget etwas, von erschwinglichen, aber beeindruckenden Hotels bis hin zu ultra luxuri\u00f6sen Resorts f\u00fcr verm\u00f6gende Privatpersonen. Teilnehmer k\u00f6nnen aus einer gro\u00dfen Auswahl an komfortablen Optionen w\u00e4hlen.<\/span><\/p>\n<p><b>Kulinarische Gen\u00fcsse: <\/b><span style=\"font-weight: 400;\">Die lebendige Gastronomieszene umfasst alles, was das Spektrum hergibt: Stra\u00dfen Imbisse, mit Michelin-Sternen ausgezeichnete Restaurants und alles dazwischen. G\u00e4ste k\u00f6nnen Tag und Nacht thail\u00e4ndische K\u00f6stlichkeiten und internationale K\u00fcche genie\u00dfen, bei einem Abendessen in Abendgarderobe oder in einem fantastischen Set-up am Strand.<\/span><\/p>\n<p><b>Lebendige Unterhaltung:<\/b><span style=\"font-weight: 400;\"> Thailand ist kein Unbekannter, wenn es darum geht, globale Ikonen wie Harry Styles und Coldplay zu beherbergen. Es hat auch eine geschichtstr\u00e4chtige Geschichte atemberaubender kultureller Darbietungen, traditioneller Shows und lokaler K\u00fcnstler, die nie entt\u00e4uschen.<\/span><\/p>\n<p><b>Herzliche Gastfreundschaft:<\/b><span style=\"font-weight: 400;\"> Die ber\u00fchmte thail\u00e4ndische Gastfreundschaft sorgt daf\u00fcr, dass sich G\u00e4ste w\u00e4hrend ihres gesamten Aufenthalts willkommen und gesch\u00e4tzt f\u00fchlen.<\/span><\/p>\n<p><b>Wettbewerbsf\u00e4hige Preise:<\/b><span style=\"font-weight: 400;\"> Im Vergleich zu anderen Event-Destinationen bietet Thailand ein hervorragendes Preis-Leistungs-Verh\u00e4ltnis f\u00fcr Ihre Veranstaltungen, sodass Sie gro\u00dfz\u00fcgige Erlebnisse schaffen k\u00f6nnen, ohne zu viel auszugeben.<\/span><\/p>\n<p data-start=\"74\" data-end=\"344\"><b>Digitaler Innovation Knotenpunkt:<\/b><span style=\"font-weight: 400;\"> Thailand entwickelt sich schnell zu einem Hotspot f\u00fcr Technologie-, Blockchain- und Web3-Events. Mit einer florierenden Startup-Community und hochmodernen Konferenzeinrichtungen ist das Land ein beliebter Ort f\u00fcr globale Innovatoren und Vordenker.<\/span><\/p>\n<p><span style=\"font-weight: 400;\">Als f\u00fchrendes Destination-Management-Unternehmen f\u00fcr Veranstaltungen und Incentive-Reisen organisieren wir au\u00dfergew\u00f6hnliche Erlebnisse f\u00fcr internationale Agenturen und Luxusmarken. Unser in Europa geschultes Team versteht westliche Vorlieben, w\u00e4hrend <\/span><span style=\"font-weight: 400;\">unsere thail\u00e4ndischen Experten lokales Wissen mitbringen, um eine einwandfreie Durchf\u00fchrung zu gew\u00e4hrleisten. Eklekti ist Ihre Eintrittskarte zu unvergleichlichen Events!<\/span><\/p>\n<p>&nbsp;<\/p>\n","protected":false},"excerpt":{"rendered":"<p>Thailand, bekannt als das \u201eLand des L\u00e4chelns\u201c, bietet eine unwiderstehliche Mischung aus moderner Infrastruktur und kulturellem Reichtum f\u00fcr die Ausrichtung von Veranstaltungen oder Incentive-Reisen. Hier erfahren Sie, warum es sich von anderen L\u00e4ndern abhebt: Veranstaltungsorte von Weltklasse: Von weitl\u00e4ufigen Kongresszentren bis hin zu eleganten Balls\u00e4len bietet Thailand einige der besten und anspruchsvollsten Veranstaltungsorte S\u00fcdostasiens. Ob [&hellip;]<\/p>\n","protected":false},"author":6,"featured_media":15319,"parent":0,"menu_order":0,"comment_status":"closed","ping_status":"closed","template":"tpl\/tpl-our-works.php","meta":{"_acf_changed":false,"inline_featured_image":false,"footnotes":""},"class_list":["post-15318","page","type-page","status-publish","has-post-thumbnail","hentry"],"acf":[],"yoast_head":"<!-- This site is optimized with the Yoast SEO plugin v23.4 - https:\/\/yoast.com\/wordpress\/plugins\/seo\/ -->\n<title>Unsere Arbeit | Erstklassige Veranstaltungen von Eklekti in Thailand<\/title>\n<meta name=\"description\" content=\"Das Portfolio von Eklekti ist ebenso beeindruckend wie vielf\u00e4ltig. Es umfasst prestigetr\u00e4chtige Veranstaltungen in ganz Thailand und in verschiedenen Branchen, von hochkar\u00e4tigen Schmuckausstellungen und Galadiners bis hin zu Team Socials und Festivals f\u00fcr Start-ups und Tech-Unternehmen.\" \/>\n<meta name=\"robots\" content=\"index, follow, max-snippet:-1, max-image-preview:large, max-video-preview:-1\" \/>\n<link rel=\"canonical\" href=\"https:\/\/www.eklekti-agency.com\/de\/veranstaltungs-portfolio-thailand\/\" \/>\n<meta property=\"og:locale\" content=\"de_DE\" \/>\n<meta property=\"og:type\" content=\"article\" \/>\n<meta property=\"og:title\" content=\"Unsere Arbeit | Erstklassige Veranstaltungen von Eklekti in Thailand\" \/>\n<meta property=\"og:description\" content=\"Das Portfolio von Eklekti ist ebenso beeindruckend wie vielf\u00e4ltig. Es umfasst prestigetr\u00e4chtige Veranstaltungen in ganz Thailand und in verschiedenen Branchen, von hochkar\u00e4tigen Schmuckausstellungen und Galadiners bis hin zu Team Socials und Festivals f\u00fcr Start-ups und Tech-Unternehmen.\" \/>\n<meta property=\"og:url\" content=\"https:\/\/www.eklekti-agency.com\/de\/veranstaltungs-portfolio-thailand\/\" \/>\n<meta property=\"og:site_name\" content=\"Eklekti\" \/>\n<meta property=\"article:modified_time\" content=\"2025-06-13T07:03:47+00:00\" \/>\n<meta property=\"og:image\" content=\"https:\/\/www.eklekti-agency.com\/wp-content\/uploads\/2025\/01\/1-GVG_0873-1-scaled.jpg\" \/>\n\t<meta property=\"og:image:width\" content=\"2560\" \/>\n\t<meta property=\"og:image:height\" content=\"1704\" \/>\n\t<meta property=\"og:image:type\" content=\"image\/jpeg\" \/>\n<meta name=\"twitter:card\" content=\"summary_large_image\" \/>\n<meta name=\"twitter:label1\" content=\"Gesch\u00e4tzte Lesezeit\" \/>\n\t<meta name=\"twitter:data1\" content=\"2\u00a0Minuten\" \/>\n<script type=\"application\/ld+json\" class=\"yoast-schema-graph\">{\"@context\":\"https:\/\/schema.org\",\"@graph\":[{\"@type\":\"WebPage\",\"@id\":\"https:\/\/www.eklekti-agency.com\/de\/veranstaltungs-portfolio-thailand\/\",\"url\":\"https:\/\/www.eklekti-agency.com\/de\/veranstaltungs-portfolio-thailand\/\",\"name\":\"Unsere Arbeit | Erstklassige Veranstaltungen von Eklekti in Thailand\",\"isPartOf\":{\"@id\":\"https:\/\/www.eklekti-agency.com\/#website\"},\"primaryImageOfPage\":{\"@id\":\"https:\/\/www.eklekti-agency.com\/de\/veranstaltungs-portfolio-thailand\/#primaryimage\"},\"image\":{\"@id\":\"https:\/\/www.eklekti-agency.com\/de\/veranstaltungs-portfolio-thailand\/#primaryimage\"},\"thumbnailUrl\":\"https:\/\/www.eklekti-agency.com\/wp-content\/uploads\/2025\/01\/1-GVG_0873-1-scaled.jpg\",\"datePublished\":\"2020-03-05T07:11:24+00:00\",\"dateModified\":\"2025-06-13T07:03:47+00:00\",\"description\":\"Das Portfolio von Eklekti ist ebenso beeindruckend wie vielf\u00e4ltig. Es umfasst prestigetr\u00e4chtige Veranstaltungen in ganz Thailand und in verschiedenen Branchen, von hochkar\u00e4tigen Schmuckausstellungen und Galadiners bis hin zu Team Socials und Festivals f\u00fcr Start-ups und Tech-Unternehmen.\",\"breadcrumb\":{\"@id\":\"https:\/\/www.eklekti-agency.com\/de\/veranstaltungs-portfolio-thailand\/#breadcrumb\"},\"inLanguage\":\"de\",\"potentialAction\":[{\"@type\":\"ReadAction\",\"target\":[\"https:\/\/www.eklekti-agency.com\/de\/veranstaltungs-portfolio-thailand\/\"]}]},{\"@type\":\"ImageObject\",\"inLanguage\":\"de\",\"@id\":\"https:\/\/www.eklekti-agency.com\/de\/veranstaltungs-portfolio-thailand\/#primaryimage\",\"url\":\"https:\/\/www.eklekti-agency.com\/wp-content\/uploads\/2025\/01\/1-GVG_0873-1-scaled.jpg\",\"contentUrl\":\"https:\/\/www.eklekti-agency.com\/wp-content\/uploads\/2025\/01\/1-GVG_0873-1-scaled.jpg\",\"width\":2560,\"height\":1704},{\"@type\":\"BreadcrumbList\",\"@id\":\"https:\/\/www.eklekti-agency.com\/de\/veranstaltungs-portfolio-thailand\/#breadcrumb\",\"itemListElement\":[{\"@type\":\"ListItem\",\"position\":1,\"name\":\"Home\",\"item\":\"https:\/\/www.eklekti-agency.com\/de\/\"},{\"@type\":\"ListItem\",\"position\":2,\"name\":\"Unsere Arbeiten\"}]},{\"@type\":\"WebSite\",\"@id\":\"https:\/\/www.eklekti-agency.com\/#website\",\"url\":\"https:\/\/www.eklekti-agency.com\/\",\"name\":\"Eklekti\",\"description\":\"Strategic Full Service Event Agency\",\"publisher\":{\"@id\":\"https:\/\/www.eklekti-agency.com\/#organization\"},\"potentialAction\":[{\"@type\":\"SearchAction\",\"target\":{\"@type\":\"EntryPoint\",\"urlTemplate\":\"https:\/\/www.eklekti-agency.com\/?s={search_term_string}\"},\"query-input\":{\"@type\":\"PropertyValueSpecification\",\"valueRequired\":true,\"valueName\":\"search_term_string\"}}],\"inLanguage\":\"de\"},{\"@type\":\"Organization\",\"@id\":\"https:\/\/www.eklekti-agency.com\/#organization\",\"name\":\"Eklekti\",\"url\":\"https:\/\/www.eklekti-agency.com\/\",\"logo\":{\"@type\":\"ImageObject\",\"inLanguage\":\"de\",\"@id\":\"https:\/\/www.eklekti-agency.com\/#\/schema\/logo\/image\/\",\"url\":\"https:\/\/www.eklekti-agency.com\/wp-content\/uploads\/2019\/11\/Logo_Eklekti.svg\",\"contentUrl\":\"https:\/\/www.eklekti-agency.com\/wp-content\/uploads\/2019\/11\/Logo_Eklekti.svg\",\"caption\":\"Eklekti\"},\"image\":{\"@id\":\"https:\/\/www.eklekti-agency.com\/#\/schema\/logo\/image\/\"}}]}<\/script>\n<!-- \/ Yoast SEO plugin. -->","yoast_head_json":{"title":"Unsere Arbeit | Erstklassige Veranstaltungen von Eklekti in Thailand","description":"Das Portfolio von Eklekti ist ebenso beeindruckend wie vielf\u00e4ltig. Es umfasst prestigetr\u00e4chtige Veranstaltungen in ganz Thailand und in verschiedenen Branchen, von hochkar\u00e4tigen Schmuckausstellungen und Galadiners bis hin zu Team Socials und Festivals f\u00fcr Start-ups und Tech-Unternehmen.","robots":{"index":"index","follow":"follow","max-snippet":"max-snippet:-1","max-image-preview":"max-image-preview:large","max-video-preview":"max-video-preview:-1"},"canonical":"https:\/\/www.eklekti-agency.com\/de\/veranstaltungs-portfolio-thailand\/","og_locale":"de_DE","og_type":"article","og_title":"Unsere Arbeit | Erstklassige Veranstaltungen von Eklekti in Thailand","og_description":"Das Portfolio von Eklekti ist ebenso beeindruckend wie vielf\u00e4ltig. Es umfasst prestigetr\u00e4chtige Veranstaltungen in ganz Thailand und in verschiedenen Branchen, von hochkar\u00e4tigen Schmuckausstellungen und Galadiners bis hin zu Team Socials und Festivals f\u00fcr Start-ups und Tech-Unternehmen.","og_url":"https:\/\/www.eklekti-agency.com\/de\/veranstaltungs-portfolio-thailand\/","og_site_name":"Eklekti","article_modified_time":"2025-06-13T07:03:47+00:00","og_image":[{"width":2560,"height":1704,"url":"https:\/\/www.eklekti-agency.com\/wp-content\/uploads\/2025\/01\/1-GVG_0873-1-scaled.jpg","type":"image\/jpeg"}],"twitter_card":"summary_large_image","twitter_misc":{"Gesch\u00e4tzte Lesezeit":"2\u00a0Minuten"},"schema":{"@context":"https:\/\/schema.org","@graph":[{"@type":"WebPage","@id":"https:\/\/www.eklekti-agency.com\/de\/veranstaltungs-portfolio-thailand\/","url":"https:\/\/www.eklekti-agency.com\/de\/veranstaltungs-portfolio-thailand\/","name":"Unsere Arbeit | Erstklassige Veranstaltungen von Eklekti in Thailand","isPartOf":{"@id":"https:\/\/www.eklekti-agency.com\/#website"},"primaryImageOfPage":{"@id":"https:\/\/www.eklekti-agency.com\/de\/veranstaltungs-portfolio-thailand\/#primaryimage"},"image":{"@id":"https:\/\/www.eklekti-agency.com\/de\/veranstaltungs-portfolio-thailand\/#primaryimage"},"thumbnailUrl":"https:\/\/www.eklekti-agency.com\/wp-content\/uploads\/2025\/01\/1-GVG_0873-1-scaled.jpg","datePublished":"2020-03-05T07:11:24+00:00","dateModified":"2025-06-13T07:03:47+00:00","description":"Das Portfolio von Eklekti ist ebenso beeindruckend wie vielf\u00e4ltig. Es umfasst prestigetr\u00e4chtige Veranstaltungen in ganz Thailand und in verschiedenen Branchen, von hochkar\u00e4tigen Schmuckausstellungen und Galadiners bis hin zu Team Socials und Festivals f\u00fcr Start-ups und Tech-Unternehmen.","breadcrumb":{"@id":"https:\/\/www.eklekti-agency.com\/de\/veranstaltungs-portfolio-thailand\/#breadcrumb"},"inLanguage":"de","potentialAction":[{"@type":"ReadAction","target":["https:\/\/www.eklekti-agency.com\/de\/veranstaltungs-portfolio-thailand\/"]}]},{"@type":"ImageObject","inLanguage":"de","@id":"https:\/\/www.eklekti-agency.com\/de\/veranstaltungs-portfolio-thailand\/#primaryimage","url":"https:\/\/www.eklekti-agency.com\/wp-content\/uploads\/2025\/01\/1-GVG_0873-1-scaled.jpg","contentUrl":"https:\/\/www.eklekti-agency.com\/wp-content\/uploads\/2025\/01\/1-GVG_0873-1-scaled.jpg","width":2560,"height":1704},{"@type":"BreadcrumbList","@id":"https:\/\/www.eklekti-agency.com\/de\/veranstaltungs-portfolio-thailand\/#breadcrumb","itemListElement":[{"@type":"ListItem","position":1,"name":"Home","item":"https:\/\/www.eklekti-agency.com\/de\/"},{"@type":"ListItem","position":2,"name":"Unsere Arbeiten"}]},{"@type":"WebSite","@id":"https:\/\/www.eklekti-agency.com\/#website","url":"https:\/\/www.eklekti-agency.com\/","name":"Eklekti","description":"Strategic Full Service Event Agency","publisher":{"@id":"https:\/\/www.eklekti-agency.com\/#organization"},"potentialAction":[{"@type":"SearchAction","target":{"@type":"EntryPoint","urlTemplate":"https:\/\/www.eklekti-agency.com\/?s={search_term_string}"},"query-input":{"@type":"PropertyValueSpecification","valueRequired":true,"valueName":"search_term_string"}}],"inLanguage":"de"},{"@type":"Organization","@id":"https:\/\/www.eklekti-agency.com\/#organization","name":"Eklekti","url":"https:\/\/www.eklekti-agency.com\/","logo":{"@type":"ImageObject","inLanguage":"de","@id":"https:\/\/www.eklekti-agency.com\/#\/schema\/logo\/image\/","url":"https:\/\/www.eklekti-agency.com\/wp-content\/uploads\/2019\/11\/Logo_Eklekti.svg","contentUrl":"https:\/\/www.eklekti-agency.com\/wp-content\/uploads\/2019\/11\/Logo_Eklekti.svg","caption":"Eklekti"},"image":{"@id":"https:\/\/www.eklekti-agency.com\/#\/schema\/logo\/image\/"}}]}},"_links":{"self":[{"href":"https:\/\/www.eklekti-agency.com\/de\/wp-json\/wp\/v2\/pages\/15318","targetHints":{"allow":["GET"]}}],"collection":[{"href":"https:\/\/www.eklekti-agency.com\/de\/wp-json\/wp\/v2\/pages"}],"about":[{"href":"https:\/\/www.eklekti-agency.com\/de\/wp-json\/wp\/v2\/types\/page"}],"author":[{"embeddable":true,"href":"https:\/\/www.eklekti-agency.com\/de\/wp-json\/wp\/v2\/users\/6"}],"replies":[{"embeddable":true,"href":"https:\/\/www.eklekti-agency.com\/de\/wp-json\/wp\/v2\/comments?post=15318"}],"version-history":[{"count":3,"href":"https:\/\/www.eklekti-agency.com\/de\/wp-json\/wp\/v2\/pages\/15318\/revisions"}],"predecessor-version":[{"id":15322,"href":"https:\/\/www.eklekti-agency.com\/de\/wp-json\/wp\/v2\/pages\/15318\/revisions\/15322"}],"wp:featuredmedia":[{"embeddable":true,"href":"https:\/\/www.eklekti-agency.com\/de\/wp-json\/wp\/v2\/media\/15319"}],"wp:attachment":[{"href":"https:\/\/www.eklekti-agency.com\/de\/wp-json\/wp\/v2\/media?parent=15318"}],"curies":[{"name":"wp","href":"https:\/\/api.w.org\/{rel}","templated":true}]}}